{"id":2,"date":"2009-02-20T22:35:12","date_gmt":"2009-02-20T21:35:12","guid":{"rendered":"http:\/\/www.aikidofranchecomte.fr\/ffab\/?page_id=2"},"modified":"2021-05-18T17:07:19","modified_gmt":"2021-05-18T16:07:19","slug":"a-propos","status":"publish","type":"page","link":"http:\/\/www.aikidofranchecomte.fr\/?page_id=2","title":{"rendered":"HISTORIQUE"},"content":{"rendered":"<p><script type=\"text\/javascript\">\/\/ <![CDATA[ function blink(ob) { if (ob.style.visibility == \"visible\" ) { ob.style.visibility = \"hidden\"; } else { ob.style.visibility = \"visible\"; } } setInterval(\"blink(bl)\",2000); \/\/ ]]><\/script><\/p>\n<p style=\"text-align: left;\"><a href=\"http:\/\/www.aikidofranchecomte.fr\/wp-content\/uploads\/2009\/02\/ob_223b175dd05f03f0d6859c9fcfd32c0d_o-sensei.jpg\"><img loading=\"lazy\" decoding=\"async\" class=\"size-full wp-image-2520 alignleft\" style=\"border: 5px solid black; margin: 5px;\" title=\"ob_223b175dd05f03f0d6859c9fcfd32c0d_o-sensei\" src=\"http:\/\/www.aikidofranchecomte.fr\/wp-content\/uploads\/2009\/02\/ob_223b175dd05f03f0d6859c9fcfd32c0d_o-sensei.jpg\" alt=\"\" width=\"219\" height=\"298\"><\/a>L\u2019 A\u00efkido est un <strong>art martial japonais<\/strong>, fond\u00e9 en 1942 par <strong>Ma\u00eetre Morihei UESHIBA<\/strong> (1883-1969).<\/p>\n<p>D\u00e8s son plus jeune \u00e2ge, il s\u2019initie aux m\u00e9thodes de combat des samoura\u00efs et au maniement du sabre et de la lance. Si sa recherche initiale est celle d\u2019une efficacit\u00e9 maximum , sa rencontre avec des ma\u00eetres religieux du Shinto et du Budo, va d\u00e9finitivement influencer le sens de cette discipline, vers une dimension spirituelle\u2026<\/p>\n<p>Par d\u00e9finition: <strong>AI<\/strong> ( = union) <strong>KI <\/strong>( = \u00e9nergie) <strong>DO <\/strong>(= la voie), signifie la \u00ab voie de la recherche d\u2019harmonie par l\u2019\u00e9nergie \u00bb.<\/p>\n<p>L\u2019A\u00efkido comme l\u2019a voulu le fondateur, n\u2019est pas inscrit dans la confrontation. La pratique consiste \u00e0 s\u2019harmoniser avec l\u2019attaque de son adversaire afin de le ma\u00eetriser soit par des <strong>immobilisations <\/strong>soit par des <strong>projections<\/strong>. Les techniques s\u2019appuient sur la souplesse et l\u2019utilisation de l\u2019\u00e9nergie de l\u2019adversaire, plut\u00f4t que sur la force physique.<\/p>\n<p>L\u2019A\u00efkido est une discipline ouverte \u00e0 tous, <strong>sans comp\u00e9tition<\/strong>, chacun pouvant pratiquer et progresser \u00e0 son rythme.<\/p>\n<p>L\u2019A\u00efkido est arriv\u00e9 <strong>en France dans les ann\u00e9es 50<\/strong>, gr\u00e2ce \u00e0 des Ma\u00eetres japonais venus enseigner seulement quelques ann\u00e9es, pour permettre la diffusion de leur art.<\/p>\n<p><strong>Ma\u00eetre Nobuyoshi TAMURA<\/strong>, \u00e9l\u00e8ve direct du fondateur Morihei UESHIBA arriva en 1964, pour s\u2019installer d\u00e9finitivement et permettre le v\u00e9ritable d\u00e9part de l\u2019A\u00efkido en France\u2026<strong>Toute une vie d\u00e9di\u00e9e \u00e0 l&rsquo;A\u00efkido, pour nous quitter le 9 juillet 2010, \u00e0 l&rsquo;\u00e2ge de 77 ans<\/strong><\/p>\n<div id=\"attachment_129\" style=\"width: 257px\" class=\"wp-caption alignright\"><a href=\"http:\/\/www.aikidofranchecomte.fr\/wp-content\/uploads\/2009\/02\/tamura_sensei.jpg\"><img loading=\"lazy\" decoding=\"async\" aria-describedby=\"caption-attachment-129\" class=\"size-full wp-image-129\" title=\"Tamura Sensei\" src=\"http:\/\/www.aikidofranchecomte.fr\/wp-content\/uploads\/2009\/02\/tamura_sensei.jpg\" alt=\"Tamura Sensei\" width=\"247\" height=\"338\" srcset=\"http:\/\/www.aikidofranchecomte.fr\/wp-content\/uploads\/2009\/02\/tamura_sensei.jpg 411w, http:\/\/www.aikidofranchecomte.fr\/wp-content\/uploads\/2009\/02\/tamura_sensei-219x300.jpg 219w\" sizes=\"auto, (max-width: 247px) 100vw, 247px\" \/><\/a><p id=\"caption-attachment-129\" class=\"wp-caption-text\">Tamura Sensei<\/p><\/div>\n<p>Notre f\u00e9d\u00e9ration, la <a href=\"http:\/\/www.ffab-aikido.fr\/\">FFAB (F\u00e9d\u00e9ration Fran\u00e7aise d&rsquo;A\u00efkido et de Budo)<\/a>, est fi\u00e8re d&rsquo;avoir pu <strong>b\u00e9n\u00e9ficier de ses 46 ans d&rsquo;enseignement en France<\/strong>.<\/p>\n<p><strong>Riche de 22000 licences environ<\/strong>, notre f\u00e9d\u00e9ration r\u00e9pond aux exigences d\u2019une <strong>f\u00e9d\u00e9ration agr\u00e9\u00e9e Jeunesse et Sport<\/strong>, en d\u00e9veloppant de nombreuses activit\u00e9s de formation et de promotion, dans le sens d\u2019une diffusion au plus grand nombre de notre art.<\/p>\n<p><span style=\"text-decoration: underline;\"><em><strong>AIKIDO en FRANCHE COMTE:<\/strong><\/em><\/span><\/p>\n<p style=\"text-align: left;\">Avec 433 licences pour la saison 2019\/2020, la Franche-Comt\u00e9 constitue un CID ( comit\u00e9 interd\u00e9partemental) qui ne demande qu&rsquo;\u00e0 se d\u00e9velopper&#8230; !<\/p>\n<p>Le CID compte pour cette saison, 23 clubs permettant de repr\u00e9senter les diff\u00e9rents courants de la FFAB ( Aikikai de Freance: 18 clubs &#8211; GHAAN: 4 clubs &#8211; DIRAF: 1 club).<\/p>\n<p>A d\u00e9faut de la quantit\u00e9, la ligue compte de <strong>nombreux hauts grad\u00e9s<\/strong> qui lui permettent d\u2019animer de <strong>nombreux stages de formation<\/strong> dans le cadre du CID ( formation 3\u00e8-4\u00e8 dan, formations 1e-2\u00e8dan, pr\u00e9paration au brevet f\u00e9d\u00e9ral), sans compter leur investissement dans leurs clubs ( voir liste des clubs).<\/p>\n<p>&nbsp;<\/p>\n<p><strong> Stage de TAMURA SENSEI \u00e0 BESANCON 2008<\/strong><\/p>\n<div style=\"width: 450px; display: block; text-align: left; color: #f5f5f5;\">\n<div style=\"display: inline; text-align: left; margin: 0px; padding: 0px;\"><strong><a href=\"http:\/\/www.comboost.com\/Slideshow\/SlideShow100.aspx?r=48428332&amp;b=89994388&amp;H=tilUuvUnarj6wYTIfCh4wwzz\" target=\"_blank\" rel=\"noopener noreferrer\"><img decoding=\"async\" style=\"border: none;\" src=\"http:\/\/www.comboost.com\/images\/slideshow\/sw100.gif\" alt=\"diaporama photo\"><\/a><\/strong><\/div>\n<p><iframe loading=\"lazy\" src=\"http:\/\/www.comboost.com\/SlideShow\/SlideShowM.aspx?r=48428332&amp;b=89994388&amp;H=tilUuvUnarj6wYTIfCh4wwzz&amp;color=FFFFFF\" marginwidth=\"0\" marginheight=\"0\" scrolling=\"no\" width=\"450\" height=\"370\" frameborder=\"0\"><\/iframe><\/p>\n<div style=\"text-align: center; font-size: 7pt; display: block; color: #f5f5f5;\">&nbsp;<\/div>\n<\/div>\n","protected":false},"excerpt":{"rendered":"<p>L\u2019 A\u00efkido est un art martial japonais, fond\u00e9 en 1942 par Ma\u00eetre Morihei UESHIBA (1883-1969). D\u00e8s son plus jeune \u00e2ge, il s\u2019initie aux m\u00e9thodes de combat des samoura\u00efs et au maniement du sabre et de la lance. Si sa recherche initiale est celle d\u2019une efficacit\u00e9 maximum , sa rencontre avec des ma\u00eetres religieux du Shinto [&hellip;]<\/p>\n","protected":false},"author":5,"featured_media":0,"parent":0,"menu_order":10,"comment_status":"closed","ping_status":"closed","template":"","meta":{"ngg_post_thumbnail":0,"footnotes":""},"class_list":["post-2","page","type-page","status-publish","hentry"],"_links":{"self":[{"href":"http:\/\/www.aikidofranchecomte.fr\/index.php?rest_route=\/wp\/v2\/pages\/2","targetHints":{"allow":["GET"]}}],"collection":[{"href":"http:\/\/www.aikidofranchecomte.fr\/index.php?rest_route=\/wp\/v2\/pages"}],"about":[{"href":"http:\/\/www.aikidofranchecomte.fr\/index.php?rest_route=\/wp\/v2\/types\/page"}],"author":[{"embeddable":true,"href":"http:\/\/www.aikidofranchecomte.fr\/index.php?rest_route=\/wp\/v2\/users\/5"}],"replies":[{"embeddable":true,"href":"http:\/\/www.aikidofranchecomte.fr\/index.php?rest_route=%2Fwp%2Fv2%2Fcomments&post=2"}],"version-history":[{"count":146,"href":"http:\/\/www.aikidofranchecomte.fr\/index.php?rest_route=\/wp\/v2\/pages\/2\/revisions"}],"predecessor-version":[{"id":6236,"href":"http:\/\/www.aikidofranchecomte.fr\/index.php?rest_route=\/wp\/v2\/pages\/2\/revisions\/6236"}],"wp:attachment":[{"href":"http:\/\/www.aikidofranchecomte.fr\/index.php?rest_route=%2Fwp%2Fv2%2Fmedia&parent=2"}],"curies":[{"name":"wp","href":"https:\/\/api.w.org\/{rel}","templated":true}]}}